{"id":15,"date":"2024-02-01T18:32:38","date_gmt":"2024-02-01T21:32:38","guid":{"rendered":"http:\/\/vitaminasoul.com.br\/?page_id=15"},"modified":"2025-01-23T16:59:14","modified_gmt":"2025-01-23T19:59:14","slug":"vitamina-soul","status":"publish","type":"page","link":"https:\/\/vitaminasoul.com.br\/","title":{"rendered":"Vitamina Soul"},"content":{"rendered":"\n<p>Vitamina Soul \u00e9 um projeto musical formado para proporcionar uma \u201cFesta-Show\u201d embalada por grandes sucessos musicais relidos por m\u00fasicos talentosos, experientes e extrovertidos, que tem o compromisso de entregar ao p\u00fablico um espet\u00e1culo dan\u00e7ante e apropriado para pista. <\/p>\n\n\n\n<p>Neste sentido, a banda leva pra pista grandes hits de artistas conhecidos do cen\u00e1rio soul pop brasileiro, passando por Tim Maia, Claudio Zoli, Pepeu Gomes e apresenta uma roupagem pr\u00f3pria fruto da experi\u00eancia musical viva do conjunto, e tambem visita novos compositores realizando uma releitura de m\u00fasicas de artistas atuais como Gl\u00f3ria Groove, Ludmila, Vitor Kley e outros.<\/p>\n\n\n\n<p>No retorno aos est\u00fadios, a banda iniciou a grava\u00e7\u00e3o de suas m\u00fasicas autorais e buscou trazer contribui\u00e7\u00f5es de novas gera\u00e7\u00f5es, conduzindo a sonoridade da banda a atualidade em sua linguagem musical sob a regra: &#8220;Contrabaixo groove e batida da hora, n\u00e3o tem enrosco sua divers\u00e3o t\u00e1 garantida, Vitamina Soul num ritmo bom, dan\u00e7ando na pista, tudo fica Soul.&#8221;<\/p>\n\n\n\n<p>Vitamina Soul \u00e9 formada por m\u00fasicos participantes do elenco de grandes artistas:<\/p>\n\n\n\n<p>Brazvin &#8211; Voz<br>Bruno Ara\u00fajo &#8211; Baixo<br>Fabio Krykhtine &#8211; Guitarra<br>Guga Mendon\u00e7a &#8211; Guitarra<br>Gui Rodrigues &#8211; Bateria<br>Hiroshi Mizutani &#8211; Teclados e Samplers<br><br>M\u00fasicos Convidados:<br>Jo\u00e3o di Sabbato &#8211; Bateria<br>Josias Franco &#8211; Trompete<br>Rodrigo Carvalhaes &#8211; Trompete<br>Wallace Garcia &#8211; Saxofone<\/p>\n\n\n\n<p>Produ\u00e7\u00e3o Musical: Bruno G Ara\u00fajo<br>e-mail: <a href=\"mailto: bruno7araujo@gmail.com\">bruno7araujo@gmail.com<br><\/a><br>Instagram: <a href=\"https:\/\/www.instagram.com\/vitaminasoul_oficial\/?next=%2F\" data-type=\"link\" data-id=\"https:\/\/www.instagram.com\/vitaminasoul_oficial\/?next=%2F\">@vitaminasoul_oficial <\/a><br>website: <a href=\"http:\/\/www.vitaminasoul.com.br\">www.vitaminasoul.com.br <\/a><br><br>Contatos para Shows: Music Juice Produ\u00e7\u00f5es <br>e-mail: <a href=\"mailto:contato@vitaminasoul.com.br\">contato@vitaminasoul.com.br<\/a><\/p>\n\n\n\n<p><\/p>\n\n\n\n<div class=\"wp-block-columns is-layout-flex wp-container-core-columns-is-layout-1 wp-block-columns-is-layout-flex\">\n<div class=\"wp-block-column is-layout-flow wp-block-column-is-layout-flow\" style=\"flex-basis:100%\">\n<figure class=\"wp-block-embed is-type-video is-provider-youtube wp-block-embed-youtube wp-embed-aspect-16-9 wp-has-aspect-ratio\"><div class=\"wp-block-embed__wrapper\">\n<iframe loading=\"lazy\" title=\"Lyric video de  &quot;Ter Coragem!&quot;\" width=\"940\" height=\"529\" src=\"https:\/\/www.youtube.com\/embed\/DGDQIuEO5Xc?feature=oembed\" frameborder=\"0\" allow=\"accelerometer; autoplay; clipboard-write; encrypted-media; gyroscope; picture-in-picture; web-share\" referrerpolicy=\"strict-origin-when-cross-origin\" allowfullscreen><\/iframe>\n<\/div><figcaption class=\"wp-element-caption\">&#8220;Ter Coragem&#8221; o primeiro single do Vitamina Soul<\/figcaption><\/figure>\n\n\n\n<p><\/p>\n\n\n\n<figure class=\"wp-block-embed is-type-video is-provider-youtube wp-block-embed-youtube wp-embed-aspect-16-9 wp-has-aspect-ratio\"><div class=\"wp-block-embed__wrapper\">\n<iframe loading=\"lazy\" title=\"Segunda-Feira\" width=\"940\" height=\"529\" src=\"https:\/\/www.youtube.com\/embed\/FSkZ3lCTePk?feature=oembed\" frameborder=\"0\" allow=\"accelerometer; autoplay; clipboard-write; encrypted-media; gyroscope; picture-in-picture; web-share\" referrerpolicy=\"strict-origin-when-cross-origin\" allowfullscreen><\/iframe>\n<\/div><figcaption class=\"wp-element-caption\">&#8220;Segunda-Feira&#8221; o segundo single do Vitamina Soul<\/figcaption><\/figure>\n<\/div>\n<\/div>\n\n\n\n<figure class=\"wp-block-embed is-type-video is-provider-youtube wp-block-embed-youtube wp-embed-aspect-16-9 wp-has-aspect-ratio\"><div class=\"wp-block-embed__wrapper\">\n<iframe loading=\"lazy\" title=\"Vitamina Soul  toca &quot;Livre pra voar&quot; de Claudio Zoli\" width=\"940\" height=\"529\" src=\"https:\/\/www.youtube.com\/embed\/33gfYLSPXMo?feature=oembed\" frameborder=\"0\" allow=\"accelerometer; autoplay; clipboard-write; encrypted-media; gyroscope; picture-in-picture; web-share\" referrerpolicy=\"strict-origin-when-cross-origin\" allowfullscreen><\/iframe>\n<\/div><figcaption class=\"wp-element-caption\">Vitamina Soul toca &#8220;Livre pra voar&#8221; de Claudio Zoli<\/figcaption><\/figure>\n","protected":false},"excerpt":{"rendered":"<p>Vitamina Soul \u00e9 um projeto musical formado para proporcionar uma \u201cFesta-Show\u201d embalada por grandes sucessos musicais relidos por m\u00fasicos talentosos, experientes e extrovertidos, que tem o compromisso de entregar ao p\u00fablico um espet\u00e1culo dan\u00e7ante e<span class=\"more-button\"><a href=\"https:\/\/vitaminasoul.com.br\/\" class=\"more-link\">Continue reading<span class=\"screen-reader-text\">Vitamina Soul<\/span><i class=\"fa fa-angle-right\" aria-hidden=\"true\"><\/i><\/a><\/span><\/p>\n","protected":false},"author":1,"featured_media":0,"parent":0,"menu_order":0,"comment_status":"closed","ping_status":"closed","template":"","meta":{"footnotes":""},"_links":{"self":[{"href":"https:\/\/vitaminasoul.com.br\/index.php?rest_route=\/wp\/v2\/pages\/15"}],"collection":[{"href":"https:\/\/vitaminasoul.com.br\/index.php?rest_route=\/wp\/v2\/pages"}],"about":[{"href":"https:\/\/vitaminasoul.com.br\/index.php?rest_route=\/wp\/v2\/types\/page"}],"author":[{"embeddable":true,"href":"https:\/\/vitaminasoul.com.br\/index.php?rest_route=\/wp\/v2\/users\/1"}],"replies":[{"embeddable":true,"href":"https:\/\/vitaminasoul.com.br\/index.php?rest_route=%2Fwp%2Fv2%2Fcomments&post=15"}],"version-history":[{"count":12,"href":"https:\/\/vitaminasoul.com.br\/index.php?rest_route=\/wp\/v2\/pages\/15\/revisions"}],"predecessor-version":[{"id":43,"href":"https:\/\/vitaminasoul.com.br\/index.php?rest_route=\/wp\/v2\/pages\/15\/revisions\/43"}],"wp:attachment":[{"href":"https:\/\/vitaminasoul.com.br\/index.php?rest_route=%2Fwp%2Fv2%2Fmedia&parent=15"}],"curies":[{"name":"wp","href":"https:\/\/api.w.org\/{rel}","templated":true}]}}